{"id":80,"date":"2015-10-03T13:29:26","date_gmt":"2015-10-03T13:29:26","guid":{"rendered":"http:\/\/www.standbyus.org\/?page_id=80"},"modified":"2018-02-19T16:35:05","modified_gmt":"2018-02-19T16:35:05","slug":"tamogatoink","status":"publish","type":"page","link":"https:\/\/www.standbyus.org\/en\/tamogatoink","title":{"rendered":"Our supporters"},"content":{"rendered":"<p>Without our friends, supporters we could&#8217;t achieve so many things. We are generously thankful to everybody who helped us with their encouragement, ideas, advices and financial support!<\/p>\n<p>I would like to mention some of the most important supporters who played very important role in our life:<\/p>\n<p><a href=\"https:\/\/www.standbyus.org\/wp-content\/uploads\/World-Servants.png\" data-rel=\"lightbox-image-2\" data-rl_title=\"\" data-rl_caption=\"\" title=\"\"><img loading=\"lazy\" class=\"size-full wp-image-348 alignleft\" src=\"https:\/\/www.standbyus.org\/wp-content\/uploads\/World-Servants.png\" alt=\"World Servants\" width=\"160\" height=\"160\" \/><\/a><\/p>\n<p>&nbsp;<\/p>\n<p>&nbsp;<\/p>\n<p>&nbsp;<\/p>\n<p>&nbsp;<\/p>\n<p>&nbsp;<\/p>\n<p>During our work with \u00a0<strong>Worls Servants<\/strong> we could learn really much. I am very thankful to all our friends who visited us in the last years and helped our work in different ways.<\/p>\n<p>&nbsp;<\/p>\n<p><a href=\"https:\/\/www.standbyus.org\/wp-content\/uploads\/FFEO.png\" data-rel=\"lightbox-image-0\" data-rl_title=\"\" data-rl_caption=\"\" title=\"\"><img loading=\"lazy\" class=\"alignnone size-full wp-image-517\" src=\"https:\/\/www.standbyus.org\/wp-content\/uploads\/FFEO.png\" alt=\"FFEO\" width=\"232\" height=\"111\" srcset=\"https:\/\/www.standbyus.org\/wp-content\/uploads\/FFEO.png 232w, https:\/\/www.standbyus.org\/wp-content\/uploads\/FFEO-180x86.png 180w\" sizes=\"(max-width: 232px) 100vw, 232px\" \/><\/a><\/p>\n<p><strong>Foundation for Each Other<\/strong><\/p>\n<p><a href=\"https:\/\/www.standbyus.org\/wp-content\/uploads\/Marika-Friends.jpg\" data-rel=\"lightbox-image-9\" data-rl_title=\"\" data-rl_caption=\"\" title=\"\"><img loading=\"lazy\" class=\"alignnone  wp-image-516\" src=\"https:\/\/www.standbyus.org\/wp-content\/uploads\/Marika-Friends.jpg\" alt=\"Marika Friends\" width=\"210\" height=\"199\" srcset=\"https:\/\/www.standbyus.org\/wp-content\/uploads\/Marika-Friends.jpg 280w, https:\/\/www.standbyus.org\/wp-content\/uploads\/Marika-Friends-180x170.jpg 180w\" sizes=\"(max-width: 210px) 100vw, 210px\" \/><\/a><\/p>\n<p><strong>Marika&#8217;s Friends<\/strong><\/p>\n<p><a href=\"https:\/\/www.standbyus.org\/wp-content\/uploads\/11041717_10153092086432552_5498176847888232332_n.jpg\" data-rel=\"lightbox-image-3\" data-rl_title=\"\" data-rl_caption=\"\" title=\"\"><img loading=\"lazy\" class=\"alignnone wp-image-351\" src=\"https:\/\/www.standbyus.org\/wp-content\/uploads\/11041717_10153092086432552_5498176847888232332_n.jpg\" alt=\"11041717_10153092086432552_5498176847888232332_n\" width=\"139\" height=\"179\" srcset=\"https:\/\/www.standbyus.org\/wp-content\/uploads\/11041717_10153092086432552_5498176847888232332_n.jpg 746w, https:\/\/www.standbyus.org\/wp-content\/uploads\/11041717_10153092086432552_5498176847888232332_n-140x180.jpg 140w\" sizes=\"(max-width: 139px) 100vw, 139px\" \/><\/a>\u00a0<a href=\"https:\/\/www.standbyus.org\/wp-content\/uploads\/Help-Oekraine.png\" data-rel=\"lightbox-image-4\" data-rl_title=\"\" data-rl_caption=\"\" title=\"\"><img loading=\"lazy\" class=\"alignnone size-full wp-image-350\" src=\"https:\/\/www.standbyus.org\/wp-content\/uploads\/Help-Oekraine.png\" alt=\"Help Oekraine\" width=\"31\" height=\"31\" \/><\/a>\u00a0<a href=\"https:\/\/www.standbyus.org\/wp-content\/uploads\/ssa_handen_new.png\" data-rel=\"lightbox-image-5\" data-rl_title=\"\" data-rl_caption=\"\" title=\"\"><img loading=\"lazy\" class=\"alignnone wp-image-359\" src=\"https:\/\/www.standbyus.org\/wp-content\/uploads\/ssa_handen_new.png\" alt=\"ssa_handen_new\" width=\"235\" height=\"140\" srcset=\"https:\/\/www.standbyus.org\/wp-content\/uploads\/ssa_handen_new.png 753w, https:\/\/www.standbyus.org\/wp-content\/uploads\/ssa_handen_new-303x180.png 303w\" sizes=\"(max-width: 235px) 100vw, 235px\" \/><\/a><\/p>\n<p><strong>Help Oekra\u00efne and Stichting S\u00fbrplus Oekra\u00efne.<\/strong> Special thanks to our best friend <strong>Adriaan de Bruine<\/strong>, who was always thinking together with us, we lost him, but he will always remain in our hearts.<\/p>\n<p><a href=\"https:\/\/www.standbyus.org\/wp-content\/uploads\/Tulipan.png\" data-rel=\"lightbox-image-6\" data-rl_title=\"\" data-rl_caption=\"\" title=\"\"><img loading=\"lazy\" class=\"wp-image-349 alignleft\" src=\"https:\/\/www.standbyus.org\/wp-content\/uploads\/Tulipan.png\" alt=\"Tulipan\" width=\"153\" height=\"147\" \/><\/a><\/p>\n<p>&nbsp;<\/p>\n<p>&nbsp;<\/p>\n<p>&nbsp;<\/p>\n<p>&nbsp;<\/p>\n<p>&nbsp;<\/p>\n<p>The<strong> Tulipan Foundation<\/strong> which helped us from the very beginnings.<\/p>\n<p>&nbsp;<\/p>\n<p>&nbsp;<\/p>","protected":false},"excerpt":{"rendered":"<p>Without our friends, supporters we could&#8217;t achieve so many things. We are generously thankful to everybody who helped us with their encouragement, ideas, advices and financial support! I would like to mention some of the most important supporters who played very important role in our life: &nbsp; &nbsp; &nbsp; &nbsp; &nbsp; During our work with [&hellip;]<\/p>\n","protected":false},"author":1,"featured_media":0,"parent":0,"menu_order":0,"comment_status":"closed","ping_status":"closed","template":"","meta":[],"_links":{"self":[{"href":"https:\/\/www.standbyus.org\/en\/wp-json\/wp\/v2\/pages\/80"}],"collection":[{"href":"https:\/\/www.standbyus.org\/en\/wp-json\/wp\/v2\/pages"}],"about":[{"href":"https:\/\/www.standbyus.org\/en\/wp-json\/wp\/v2\/types\/page"}],"author":[{"embeddable":true,"href":"https:\/\/www.standbyus.org\/en\/wp-json\/wp\/v2\/users\/1"}],"replies":[{"embeddable":true,"href":"https:\/\/www.standbyus.org\/en\/wp-json\/wp\/v2\/comments?post=80"}],"version-history":[{"count":8,"href":"https:\/\/www.standbyus.org\/en\/wp-json\/wp\/v2\/pages\/80\/revisions"}],"predecessor-version":[{"id":592,"href":"https:\/\/www.standbyus.org\/en\/wp-json\/wp\/v2\/pages\/80\/revisions\/592"}],"wp:attachment":[{"href":"https:\/\/www.standbyus.org\/en\/wp-json\/wp\/v2\/media?parent=80"}],"curies":[{"name":"wp","href":"https:\/\/api.w.org\/{rel}","templated":true}]}}